{"id":2932,"date":"2022-06-07T00:36:30","date_gmt":"2022-06-07T00:36:30","guid":{"rendered":"https:\/\/sonoradinamita.com\/?page_id=2932"},"modified":"2022-06-07T00:36:30","modified_gmt":"2022-06-07T00:36:30","slug":"biografia","status":"publish","type":"page","link":"https:\/\/sonoradinamita.com\/?page_id=2932","title":{"rendered":"Biograf\u00eda"},"content":{"rendered":"<p>[vc_row][vc_column][vc_column_text]<\/p>\n<p style=\"text-align: justify;\"><span style=\"font-weight: 400;\">LA SONORA DINAMITA DE LUCHO ARGAIN, fundada por Luis Guillermo P\u00e9rez Cedr\u00f3n (q.e.p.d.) mejor conocido como\u00a0 \u201cLUCHO ARGAIN\u201d, el 22 de marzo de 1960 en Cartagena de Indias Colombia, con un solo prop\u00f3sito crear una agrupaci\u00f3n musical tropical de excelente calidad interpretativa con proyecci\u00f3n internacional.<\/span><\/p>\n<p style=\"text-align: justify;\"><span style=\"font-weight: 400;\">\u00a0Es hasta 1978 cuando LUCHO ARGAIN decide formar nuevamente la agrupaci\u00f3n es en este mismo a\u00f1o que graba su quinto LP titulado \u201cMeneito\u201d entrando con gran impacto al mercado mexicano con el tema \u201cSE ME PERDIO LA CADENITA\u201d autor\u00eda de LUCHO ARGAIN, uno de los m\u00e1s grandes \u00e9xitos en la historia de LA SONORA DINAMITA DE LUCHO ARGAIN, que se ha convertido en parte de la historia musical.<\/span><\/p>\n<p style=\"text-align: justify;\"><span style=\"font-weight: 400;\">Por este tema, se logr\u00f3 firmar el primer contrato para presentar a LA SONORA DINAMITA DE LUCHO ARGAIN en M\u00e9xico esta fue su primera salida internacional. A pesar de las expectativas, fue un viaje con problemas de organizaci\u00f3n y debieron regresar con la frustraci\u00f3n mas no con la derrota y consciente de que los sue\u00f1os y objetivos que valen la pena cuestan mucho trabajo y sacrificio, LUCHO ARGAIN decide intentarlo una vez m\u00e1s y al poco tiempo volaron de nuevo a M\u00e9xico, esta vez para establecerse definitivamente y as\u00ed llegaron los grandes \u00e9xitos de quien ahora conocemos como LA SONORA DINAMITA DE LUCHO ARGAIN.<\/span><\/p>\n<p style=\"text-align: justify;\"><span style=\"font-weight: 400;\">Como legado, LUCHO ARGA\u00cdN nos deja la muestra clara de su talento y creatividad plasmado en cada una de sus obras, tambi\u00e9n nos deja su energ\u00eda y tes\u00f3n que fueron cualidades fundamentales que sirvieron para mantener a esta LA SONORA DINAMITA DE LUCHO ARGAIN durante m\u00e1s de 60 a\u00f1os en el gusto del p\u00fablico.\u00a0<\/span><\/p>\n<p style=\"text-align: justify;\"><span style=\"font-weight: 400;\">Pero principalmente nos deja a todos los que ahora pertenecemos a esta gran agrupaci\u00f3n el compromiso de mantener vivo este sue\u00f1o \u201cLA\u00a0 SONORA DINAMITA DE LUCHO ARGAIN Y ELSA L\u00d3PEZ\u201d (viuda del Sr. Lucho Arga\u00edn.)<\/span><\/p>\n<p style=\"text-align: justify;\"><span style=\"font-weight: 400;\">Esta afamada agrupaci\u00f3n con m\u00e1s de 6 d\u00e9cadas de manera ininterrumpida ha logrado millones de ventas de Discos, billones de views en Youtube, y un sin n\u00famero de reconocimientos y \u00e9xitos a nivel mundial, llegando hasta el m\u00e1s rec\u00f3ndito lugar del mundo con un gran \u00e9xito, el benepl\u00e1cito y el cari\u00f1o del p\u00fablico de todas las edades.<\/span><\/p>\n<p>[\/vc_column_text][\/vc_column][\/vc_row]<\/p>\n","protected":false},"excerpt":{"rendered":"<p>[vc_row][vc_column][vc_column_text] LA SONORA DINAMITA DE LUCHO ARGAIN, fundada por Luis Guillermo P\u00e9rez Cedr\u00f3n (q.e.p.d.) mejor conocido como\u00a0 \u201cLUCHO ARGAIN\u201d, el 22 de marzo de 1960 en Cartagena de Indias Colombia, con un solo prop\u00f3sito crear una agrupaci\u00f3n musical tropical de&#8230;<\/p>\n","protected":false},"author":1,"featured_media":0,"parent":0,"menu_order":0,"comment_status":"closed","ping_status":"closed","template":"","meta":[],"_links":{"self":[{"href":"https:\/\/sonoradinamita.com\/index.php?rest_route=\/wp\/v2\/pages\/2932"}],"collection":[{"href":"https:\/\/sonoradinamita.com\/index.php?rest_route=\/wp\/v2\/pages"}],"about":[{"href":"https:\/\/sonoradinamita.com\/index.php?rest_route=\/wp\/v2\/types\/page"}],"author":[{"embeddable":true,"href":"https:\/\/sonoradinamita.com\/index.php?rest_route=\/wp\/v2\/users\/1"}],"replies":[{"embeddable":true,"href":"https:\/\/sonoradinamita.com\/index.php?rest_route=%2Fwp%2Fv2%2Fcomments&post=2932"}],"version-history":[{"count":1,"href":"https:\/\/sonoradinamita.com\/index.php?rest_route=\/wp\/v2\/pages\/2932\/revisions"}],"predecessor-version":[{"id":2933,"href":"https:\/\/sonoradinamita.com\/index.php?rest_route=\/wp\/v2\/pages\/2932\/revisions\/2933"}],"wp:attachment":[{"href":"https:\/\/sonoradinamita.com\/index.php?rest_route=%2Fwp%2Fv2%2Fmedia&parent=2932"}],"curies":[{"name":"wp","href":"https:\/\/api.w.org\/{rel}","templated":true}]}}